{"id":404,"date":"2024-08-18T14:29:24","date_gmt":"2024-08-18T12:29:24","guid":{"rendered":"https:\/\/zenshin-coaching.de\/?page_id=404"},"modified":"2026-04-30T14:32:41","modified_gmt":"2026-04-30T12:32:41","slug":"coaching-beratung-fuehrungskraefte-coaching","status":"publish","type":"page","link":"https:\/\/yukie-yasui.de\/en\/","title":{"rendered":"Coaching, Beratung, F\u00fchrungskr\u00e4fte Coaching"},"content":{"rendered":"<div data-elementor-type=\"wp-page\" data-elementor-id=\"404\" class=\"elementor elementor-404\" data-elementor-post-type=\"page\">\n\t\t\t\t<div class=\"elementor-element elementor-element-41a7fe4c e-con-full e-flex e-con e-parent\" data-id=\"41a7fe4c\" data-element_type=\"container\" data-settings=\"{&quot;background_background&quot;:&quot;classic&quot;,&quot;content_width&quot;:&quot;full&quot;}\" data-core-v316-plus=\"true\">\n\t\t<div class=\"elementor-element elementor-element-4a0ed288 e-con-full e-flex e-con e-child\" data-id=\"4a0ed288\" data-element_type=\"container\" data-settings=\"{&quot;content_width&quot;:&quot;full&quot;}\">\n\t\t<div class=\"elementor-element elementor-element-7308fb75 e-con-full e-flex e-con e-child\" data-id=\"7308fb75\" data-element_type=\"container\" data-settings=\"{&quot;content_width&quot;:&quot;full&quot;}\">\n\t\t\t\t<div class=\"elementor-element elementor-element-63b08437 elementor-widget elementor-widget-heading\" data-id=\"63b08437\" data-element_type=\"widget\" data-widget_type=\"heading.default\">\n\t\t\t\t<div class=\"elementor-widget-container\">\n\t\t\t<style>\/*! elementor - v3.19.0 - 29-01-2024 *\/\n.elementor-heading-title{padding:0;margin:0;line-height:1}.elementor-widget-heading .elementor-heading-title[class*=elementor-size-]>a{color:inherit;font-size:inherit;line-height:inherit}.elementor-widget-heading .elementor-heading-title.elementor-size-small{font-size:15px}.elementor-widget-heading .elementor-heading-title.elementor-size-medium{font-size:19px}.elementor-widget-heading .elementor-heading-title.elementor-size-large{font-size:29px}.elementor-widget-heading .elementor-heading-title.elementor-size-xl{font-size:39px}.elementor-widget-heading .elementor-heading-title.elementor-size-xxl{font-size:59px}<\/style><h1 class=\"elementor-heading-title elementor-size-default\">Coaching f\u00fcr Klarheit und Wirksamkeit<\/h1>\t\t<\/div>\n\t\t\t\t<\/div>\n\t\t\t\t<div class=\"elementor-element elementor-element-44845525 elementor-widget-tablet__width-initial elementor-widget elementor-widget-text-editor\" data-id=\"44845525\" data-element_type=\"widget\" data-widget_type=\"text-editor.default\">\n\t\t\t\t<div class=\"elementor-widget-container\">\n\t\t\t<style>\/*! elementor - v3.19.0 - 29-01-2024 *\/\n.elementor-widget-text-editor.elementor-drop-cap-view-stacked .elementor-drop-cap{background-color:#69727d;color:#fff}.elementor-widget-text-editor.elementor-drop-cap-view-framed .elementor-drop-cap{color:#69727d;border:3px solid;background-color:transparent}.elementor-widget-text-editor:not(.elementor-drop-cap-view-default) .elementor-drop-cap{margin-top:8px}.elementor-widget-text-editor:not(.elementor-drop-cap-view-default) .elementor-drop-cap-letter{width:1em;height:1em}.elementor-widget-text-editor .elementor-drop-cap{float:left;text-align:center;line-height:1;font-size:50px}.elementor-widget-text-editor .elementor-drop-cap-letter{display:inline-block}<\/style>\t\t\t\t<p>Psychologisch fundiertes Systemisches Coaching f\u00fcr Menschen in anspruchsvollen Lebensphasen.<\/p>\n<p><b>In Oldenburg und Online<\/b><\/p>\t\t\t\t\t\t<\/div>\n\t\t\t\t<\/div>\n\t\t\t\t<\/div>\n\t\t<div class=\"elementor-element elementor-element-cd5ee2e e-con-full e-flex e-con e-child\" data-id=\"cd5ee2e\" data-element_type=\"container\" data-settings=\"{&quot;content_width&quot;:&quot;full&quot;}\">\n\t\t\t\t<div class=\"elementor-element elementor-element-6102a0a elementor-tablet-align-center elementor-mobile-align-justify elementor-widget-tablet__width-initial elementor-widget-mobile__width-inherit elementor-align-center elementor-widget elementor-widget-global elementor-global-2265 elementor-widget-button\" data-id=\"6102a0a\" data-element_type=\"widget\" data-widget_type=\"button.default\">\n\t\t\t\t<div class=\"elementor-widget-container\">\n\t\t\t\t\t<div class=\"elementor-button-wrapper\">\n\t\t\t<a class=\"elementor-button elementor-button-link elementor-size-lg\" href=\"\/en\/kontakt\/\">\n\t\t\t\t\t\t<span class=\"elementor-button-content-wrapper\">\n\t\t\t\t\t\t<span class=\"elementor-button-text\">Kennenlerngespr\u00e4ch anfragen &gt;<\/span>\n\t\t<\/span>\n\t\t\t\t\t<\/a>\n\t\t<\/div>\n\t\t\t\t<\/div>\n\t\t\t\t<\/div>\n\t\t\t\t<div class=\"elementor-element elementor-element-2ca4edba elementor-mobile-align-justify elementor-widget-tablet__width-initial elementor-widget-mobile__width-inherit elementor-widget elementor-widget-button\" data-id=\"2ca4edba\" data-element_type=\"widget\" data-widget_type=\"button.default\">\n\t\t\t\t<div class=\"elementor-widget-container\">\n\t\t\t\t\t<div class=\"elementor-button-wrapper\">\n\t\t\t<a class=\"elementor-button elementor-button-link elementor-size-lg\" href=\"\/en\/ueber-mich\/\">\n\t\t\t\t\t\t<span class=\"elementor-button-content-wrapper\">\n\t\t\t\t\t\t<span class=\"elementor-button-text\">\u00dcber mich &gt;<\/span>\n\t\t<\/span>\n\t\t\t\t\t<\/a>\n\t\t<\/div>\n\t\t\t\t<\/div>\n\t\t\t\t<\/div>\n\t\t\t\t<\/div>\n\t\t\t\t<\/div>\n\t\t<div class=\"elementor-element elementor-element-3758331f e-con-full e-flex e-con e-child\" data-id=\"3758331f\" data-element_type=\"container\" data-settings=\"{&quot;content_width&quot;:&quot;full&quot;,&quot;background_background&quot;:&quot;classic&quot;}\">\n\t\t\t\t<\/div>\n\t\t\t\t<\/div>\n\t\t<div class=\"elementor-element elementor-element-544ba70 e-con-full e-flex e-con e-parent\" data-id=\"544ba70\" data-element_type=\"container\" data-settings=\"{&quot;content_width&quot;:&quot;full&quot;}\" data-core-v316-plus=\"true\">\n\t\t\t\t<div class=\"elementor-element elementor-element-3f938b1 elementor-widget__width-auto elementor-widget elementor-widget-text-editor\" data-id=\"3f938b1\" data-element_type=\"widget\" data-widget_type=\"text-editor.default\">\n\t\t\t\t<div class=\"elementor-widget-container\">\n\t\t\t\t\t\t\t<h2>F\u00fcr wen ich arbeite<\/h2>\n<p><b>F\u00fcr Einzelpersonen,&nbsp;<\/b>die vor einer Herausforderung stehen, sich beruflich neu orientieren, einen \u00dcbergang bewusst gestalten, Entscheidungen klarer treffen oder ihre innere Widerstandskraft st\u00e4rken m\u00f6chten.&nbsp;<\/p>\n<p><b>F\u00fcr Unternehmen und Organisationen,&nbsp;<\/b>die professionelle Coaching-Begleitung f\u00fcr F\u00fchrungskr\u00e4fte und Mitarbeitende suchen. Ich bringe langj\u00e4hrige Erfahrung als F\u00fchrungskraft und Coach im Unternehmenskontext mit und verstehe die Dynamiken, in denen sich Mitarbeitende bewegen.<\/p>\n<div>&nbsp;<\/div>\t\t\t\t\t\t<\/div>\n\t\t\t\t<\/div>\n\t\t\t\t<\/div>\n\t\t<div class=\"elementor-element elementor-element-c110a04 e-con-full e-flex e-con e-parent\" data-id=\"c110a04\" data-element_type=\"container\" data-settings=\"{&quot;content_width&quot;:&quot;full&quot;}\" data-core-v316-plus=\"true\">\n\t\t\t\t<div class=\"elementor-element elementor-element-9fc9f3a elementor-widget__width-auto elementor-widget elementor-widget-text-editor\" data-id=\"9fc9f3a\" data-element_type=\"widget\" data-widget_type=\"text-editor.default\">\n\t\t\t\t<div class=\"elementor-widget-container\">\n\t\t\t\t\t\t\t<h2>Mein Ansatz<\/h2><p>Jedes Coaching beginnt bei Ihnen: bei Ihrer Situation, Ihren Ressourcen und Ihren Zielen. Aus einem breiten methodischen Repertoire w\u00e4hle ich das, was f\u00fcr Sie am besten passt \u2014 fundiert, praxisnah und immer mit dem Blick auf nachhaltige Wirksamkeit und praktisch umsetzbare n\u00e4chste Schritte.<\/p><p>Im Einzelcoaching geh\u00f6ren zu meinen Methoden unter anderem Ressourcenarbeit, wissenschaftlich fundierte Techniken zur Selbstregulierung in belastenden Situationen, Zielvisualisierung und Wingwave<sup>\u00ae<\/sup>-Coaching.<\/p>\t\t\t\t\t\t<\/div>\n\t\t\t\t<\/div>\n\t\t\t\t<\/div>\n\t\t<div class=\"elementor-element elementor-element-60d0b18 e-con-full e-flex e-con e-parent\" data-id=\"60d0b18\" data-element_type=\"container\" data-settings=\"{&quot;content_width&quot;:&quot;full&quot;}\" data-core-v316-plus=\"true\">\n\t\t\t\t<div class=\"elementor-element elementor-element-8403f14 elementor-widget__width-auto elementor-widget elementor-widget-text-editor\" data-id=\"8403f14\" data-element_type=\"widget\" data-widget_type=\"text-editor.default\">\n\t\t\t\t<div class=\"elementor-widget-container\">\n\t\t\t\t\t\t\t<h2>Resilienztraining f\u00fcr Gruppen<\/h2><p>In meinen Resilienz-Trainings arbeite ich mit kleinen Gruppen in Pr\u00e4senz. Die Formate eignen sich f\u00fcr Teams wie f\u00fcr Einzelpersonen, die ihre innere Widerstandskraft gezielt st\u00e4rken m\u00f6chten.<\/p><p>Sprechen Sie mich gerne an \u2014 gemeinsam finden wir das passende Format.<\/p>\t\t\t\t\t\t<\/div>\n\t\t\t\t<\/div>\n\t\t\t\t<\/div>\n\t\t<div class=\"elementor-element elementor-element-8d58274 e-con-full e-flex e-con e-parent\" data-id=\"8d58274\" data-element_type=\"container\" data-settings=\"{&quot;content_width&quot;:&quot;full&quot;}\" data-core-v316-plus=\"true\">\n\t\t\t\t<div class=\"elementor-element elementor-element-89f9f0e elementor-widget elementor-widget-text-editor\" data-id=\"89f9f0e\" data-element_type=\"widget\" data-widget_type=\"text-editor.default\">\n\t\t\t\t<div class=\"elementor-widget-container\">\n\t\t\t\t\t\t\t<h2>Kennenlerngespr\u00e4ch buchen<\/h2><p>Sie m\u00f6chten herausfinden, ob wir gut zusammen arbeiten k\u00f6nnen? In einem kostenfreien 15-min\u00fctigen Kennenlerngespr\u00e4ch bekommen Sie einen ersten Eindruck \u2014 und ich h\u00f6re, was Sie bewegt.<\/p>\t\t\t\t\t\t<\/div>\n\t\t\t\t<\/div>\n\t\t\t\t<\/div>\n\t\t<div class=\"elementor-element elementor-element-0b146cd e-flex e-con-boxed e-con e-parent\" data-id=\"0b146cd\" data-element_type=\"container\" data-settings=\"{&quot;content_width&quot;:&quot;boxed&quot;}\" data-core-v316-plus=\"true\">\n\t\t\t\t\t<div class=\"e-con-inner\">\n\t\t<div class=\"elementor-element elementor-element-51d3d34 e-flex e-con-boxed e-con e-child\" data-id=\"51d3d34\" data-element_type=\"container\" data-settings=\"{&quot;content_width&quot;:&quot;boxed&quot;}\">\n\t\t\t\t\t<div class=\"e-con-inner\">\n\t\t\t\t<div class=\"elementor-element elementor-element-32a43d9 elementor-tablet-align-center elementor-mobile-align-justify elementor-widget-tablet__width-initial elementor-widget-mobile__width-inherit elementor-align-center elementor-widget elementor-widget-global elementor-global-2265 elementor-widget-button\" data-id=\"32a43d9\" data-element_type=\"widget\" data-widget_type=\"button.default\">\n\t\t\t\t<div class=\"elementor-widget-container\">\n\t\t\t\t\t<div class=\"elementor-button-wrapper\">\n\t\t\t<a class=\"elementor-button elementor-button-link elementor-size-lg\" href=\"\/en\/kontakt\/\">\n\t\t\t\t\t\t<span class=\"elementor-button-content-wrapper\">\n\t\t\t\t\t\t<span class=\"elementor-button-text\">Kennenlerngespr\u00e4ch anfragen &gt;<\/span>\n\t\t<\/span>\n\t\t\t\t\t<\/a>\n\t\t<\/div>\n\t\t\t\t<\/div>\n\t\t\t\t<\/div>\n\t\t\t\t\t<\/div>\n\t\t\t\t<\/div>\n\t\t\t\t\t<\/div>\n\t\t\t\t<\/div>\n\t\t<div class=\"elementor-element elementor-element-36d3455 e-flex e-con-boxed e-con e-parent\" data-id=\"36d3455\" data-element_type=\"container\" data-settings=\"{&quot;background_background&quot;:&quot;classic&quot;,&quot;content_width&quot;:&quot;boxed&quot;}\" data-core-v316-plus=\"true\">\n\t\t\t\t\t<div class=\"e-con-inner\">\n\t\t\t\t<div class=\"elementor-element elementor-element-48d223d elementor-widget elementor-widget-image\" data-id=\"48d223d\" data-element_type=\"widget\" data-widget_type=\"image.default\">\n\t\t\t\t<div class=\"elementor-widget-container\">\n\t\t\t<style>\/*! elementor - v3.19.0 - 29-01-2024 *\/\n.elementor-widget-image{text-align:center}.elementor-widget-image a{display:inline-block}.elementor-widget-image a img[src$=\".svg\"]{width:48px}.elementor-widget-image img{vertical-align:middle;display:inline-block}<\/style>\t\t\t\t\t\t\t\t\t\t<img fetchpriority=\"high\" decoding=\"async\" width=\"800\" height=\"722\" src=\"https:\/\/yukie-yasui.de\/wp-content\/uploads\/2024\/10\/shinnshin.png\" class=\"attachment-large size-large wp-image-2893\" alt=\"\" srcset=\"https:\/\/yukie-yasui.de\/wp-content\/uploads\/2024\/10\/shinnshin.png 800w, https:\/\/yukie-yasui.de\/wp-content\/uploads\/2024\/10\/shinnshin-300x271.png 300w, https:\/\/yukie-yasui.de\/wp-content\/uploads\/2024\/10\/shinnshin-768x693.png 768w\" sizes=\"(max-width: 800px) 100vw, 800px\" \/>\t\t\t\t\t\t\t\t\t\t\t\t\t<\/div>\n\t\t\t\t<\/div>\n\t\t\t\t\t<\/div>\n\t\t\t\t<\/div>\n\t\t\t\t<\/div>","protected":false},"excerpt":{"rendered":"<p>Coaching f\u00fcr Klarheit und Wirksamkeit Psychologisch fundiertes Systemisches Coaching f\u00fcr Menschen in anspruchsvollen Lebensphasen. In Oldenburg und Online Kennenlerngespr\u00e4ch anfragen &gt; \u00dcber mich &gt; F\u00fcr wen ich arbeite F\u00fcr Einzelpersonen,&nbsp;die vor einer Herausforderung stehen, sich beruflich neu orientieren, einen \u00dcbergang bewusst gestalten, Entscheidungen klarer treffen oder ihre innere Widerstandskraft st\u00e4rken m\u00f6chten.&nbsp; F\u00fcr Unternehmen und Organisationen,&nbsp;die [&hellip;]<\/p>","protected":false},"author":1,"featured_media":0,"parent":0,"menu_order":0,"comment_status":"closed","ping_status":"closed","template":"","meta":{"footnotes":""},"class_list":["post-404","page","type-page","status-publish","hentry"],"_links":{"self":[{"href":"https:\/\/yukie-yasui.de\/en\/wp-json\/wp\/v2\/pages\/404","targetHints":{"allow":["GET"]}}],"collection":[{"href":"https:\/\/yukie-yasui.de\/en\/wp-json\/wp\/v2\/pages"}],"about":[{"href":"https:\/\/yukie-yasui.de\/en\/wp-json\/wp\/v2\/types\/page"}],"author":[{"embeddable":true,"href":"https:\/\/yukie-yasui.de\/en\/wp-json\/wp\/v2\/users\/1"}],"replies":[{"embeddable":true,"href":"https:\/\/yukie-yasui.de\/en\/wp-json\/wp\/v2\/comments?post=404"}],"version-history":[{"count":11,"href":"https:\/\/yukie-yasui.de\/en\/wp-json\/wp\/v2\/pages\/404\/revisions"}],"predecessor-version":[{"id":4274,"href":"https:\/\/yukie-yasui.de\/en\/wp-json\/wp\/v2\/pages\/404\/revisions\/4274"}],"wp:attachment":[{"href":"https:\/\/yukie-yasui.de\/en\/wp-json\/wp\/v2\/media?parent=404"}],"curies":[{"name":"wp","href":"https:\/\/api.w.org\/{rel}","templated":true}]}}